{"id":2279,"date":"2019-08-21T13:16:42","date_gmt":"2019-08-21T13:16:42","guid":{"rendered":"https:\/\/www.santeksmakine.com\/?post_type=product&#038;p=2279"},"modified":"2024-09-30T10:36:35","modified_gmt":"2024-09-30T07:36:35","slug":"schmetz-dv-x-57-kemer-makinesi-ignesi","status":"publish","type":"product","link":"https:\/\/www.santeksmakine.com\/ru\/product\/schmetz-dv-x-57-kemer-makinesi-ignesi\/","title":{"rendered":"Schmetz DV X 57 Kemer Makinesi \u0130\u011fnesi"},"content":{"rendered":"<h1>Schmetz DV X 57 Kemer Makinesi \u0130\u011fnesi<\/h1>\n<p>Schmetz \u0130\u011fne | Schmetz DV x 57 Kemer Makinas\u0131 \u0130\u011fnesi | Diki\u015f \u0130\u011fneleri<\/p>\n<p>Diki\u015f \u0130\u011fnesi: Schmetz DVX57 Kemer Makinas\u0131 \u0130\u011fnesi, Sistem Numaras\u0131: DV x 57<\/p>\n<p>Kategori: Diki\u015f Makinas\u0131 \u0130\u011fneleri, Konfeksiyon Tekstil \u0130\u011fneleri<\/p>\n","protected":false},"excerpt":{"rendered":"<p>Schmetz DV X 57 Kemer Makinesi \u0130\u011fnesi Schmetz \u0130\u011fne | Schmetz DV x 57 Kemer Makinas\u0131 \u0130\u011fnesi | Diki\u015f \u0130\u011fneleri Diki\u015f \u0130\u011fnesi: Schmetz DVX57 Kemer Makinas\u0131 \u0130\u011fnesi, Sistem Numaras\u0131: DV x 57 Kategori: Diki\u015f Makinas\u0131 \u0130\u011fneleri, Konfeksiyon Tekstil \u0130\u011fneleri<\/p>\n","protected":false},"featured_media":2280,"comment_status":"closed","ping_status":"closed","template":"","meta":{"_joinchat":[]},"product_brand":[],"product_cat":[1682,1685,1672],"product_tag":[1402,2379,2381,2602,2603,2399,2395,2581],"class_list":{"0":"post-2279","1":"product","2":"type-product","3":"status-publish","4":"has-post-thumbnail","6":"product_cat-dikis-ekipmanlari","7":"product_cat-dikis-igneleri","8":"product_cat-dikis-urunleri","9":"product_tag-dikis-makinesi","10":"product_tag-dikis-makinesi-ignesi","11":"product_tag-igne","12":"product_tag-kemer-makinesi","13":"product_tag-kemer-makinesi-ignesi","14":"product_tag-makine-ignesi","15":"product_tag-schmetz","16":"product_tag-schmetz-igne","19":"instock","20":"taxable","21":"shipping-taxable","22":"purchasable","23":"product-type-simple"},"_links":{"self":[{"href":"https:\/\/www.santeksmakine.com\/ru\/wp-json\/wp\/v2\/product\/2279","targetHints":{"allow":["GET"]}}],"collection":[{"href":"https:\/\/www.santeksmakine.com\/ru\/wp-json\/wp\/v2\/product"}],"about":[{"href":"https:\/\/www.santeksmakine.com\/ru\/wp-json\/wp\/v2\/types\/product"}],"replies":[{"embeddable":true,"href":"https:\/\/www.santeksmakine.com\/ru\/wp-json\/wp\/v2\/comments?post=2279"}],"wp:featuredmedia":[{"embeddable":true,"href":"https:\/\/www.santeksmakine.com\/ru\/wp-json\/wp\/v2\/media\/2280"}],"wp:attachment":[{"href":"https:\/\/www.santeksmakine.com\/ru\/wp-json\/wp\/v2\/media?parent=2279"}],"wp:term":[{"taxonomy":"product_brand","embeddable":true,"href":"https:\/\/www.santeksmakine.com\/ru\/wp-json\/wp\/v2\/product_brand?post=2279"},{"taxonomy":"product_cat","embeddable":true,"href":"https:\/\/www.santeksmakine.com\/ru\/wp-json\/wp\/v2\/product_cat?post=2279"},{"taxonomy":"product_tag","embeddable":true,"href":"https:\/\/www.santeksmakine.com\/ru\/wp-json\/wp\/v2\/product_tag?post=2279"}],"curies":[{"name":"wp","href":"https:\/\/api.w.org\/{rel}","templated":true}]}}