{"id":2321,"date":"2019-08-22T10:09:55","date_gmt":"2019-08-22T10:09:55","guid":{"rendered":"https:\/\/www.santeksmakine.com\/?post_type=product&#038;p=2321"},"modified":"2024-09-30T10:36:39","modified_gmt":"2024-09-30T07:36:39","slug":"groz-beckert-uy-x128-kemer-makinesi-ignesi-gebedur-sari-uclu","status":"publish","type":"product","link":"https:\/\/www.santeksmakine.com\/ru\/product\/groz-beckert-uy-x128-kemer-makinesi-ignesi-gebedur-sari-uclu\/","title":{"rendered":"Groz Beckert UY X128 Kemer Makinesi \u0130\u011fnesi (Gebedur &#8211; Sar\u0131 U\u00e7lu)"},"content":{"rendered":"<h1>Groz Beckert UY X128 Kemer Makinesi \u0130\u011fnesi (Gebedur &#8211; Sar\u0131 U\u00e7lu) (10 Adet)<\/h1>\n<p>Groz Beckert Gebedur Sistem No: (UY128 GAS) (UY128 GBS) (1280) (149&#215;3) (149&#215;31) (TVx3)<\/p>\n<p>Kal\u0131nl\u0131k No: (8\/60) (9\/65) (10\/70) (11\/75) (12\/80) (14\/90) (16\/100) (18\/110) (19\/120) (21\/130) (22\/140)<\/p>\n<p>Groz Beckert Gebedur UY128 GAS UY 128 GBS 1280 149&#215;3 149&#215;31 TVx3<\/p>\n<p>Groz Beckert Gebedur UY128 GAS \/ TVX3 \/ GEBEDUR \/ UY128 GBS \/ TVX3 FFG\/SES \/ GEBEDUR<\/p>\n<p>1 Kutu \u0130\u00e7erisinde 10 Adet \u0130\u011fne Mevcuttur.<\/p>\n","protected":false},"excerpt":{"rendered":"<p>Groz Beckert UY X128 Kemer Makinesi \u0130\u011fnesi (Gebedur &#8211; Sar\u0131 U\u00e7lu) (10 Adet) Groz Beckert Gebedur Sistem No: (UY128 GAS) (UY128 GBS) (1280) (149&#215;3) (149&#215;31) (TVx3) Kal\u0131nl\u0131k No: (8\/60) (9\/65) (10\/70) (11\/75) (12\/80) (14\/90) (16\/100) (18\/110) (19\/120) (21\/130) (22\/140) Groz Beckert Gebedur UY128 GAS UY 128 GBS 1280 149&#215;3 149&#215;31 TVx3 Groz Beckert Gebedur UY128 &hellip; <a href=\"https:\/\/www.santeksmakine.com\/ru\/product\/groz-beckert-uy-x128-kemer-makinesi-ignesi-gebedur-sari-uclu\/\" class=\"more-link\">Continue reading <span class=\"screen-reader-text\">Groz Beckert UY X128 Kemer Makinesi \u0130\u011fnesi (Gebedur &#8211; Sar\u0131 U\u00e7lu)<\/span><\/a><\/p>\n","protected":false},"featured_media":2322,"comment_status":"closed","ping_status":"closed","template":"","meta":{"_joinchat":[]},"product_brand":[],"product_cat":[1682,1685,1672],"product_tag":[2616,2400,2377,2381,2602,2603,2615,2585],"class_list":{"0":"post-2321","1":"product","2":"type-product","3":"status-publish","4":"has-post-thumbnail","6":"product_cat-dikis-ekipmanlari","7":"product_cat-dikis-igneleri","8":"product_cat-dikis-urunleri","9":"product_tag-dikis","10":"product_tag-dikis-ignesi","11":"product_tag-groz-beckert","12":"product_tag-igne","13":"product_tag-kemer-makinesi","14":"product_tag-kemer-makinesi-ignesi","15":"product_tag-nakis","16":"product_tag-nakis-ignesi","19":"instock","20":"taxable","21":"shipping-taxable","22":"purchasable","23":"product-type-simple"},"_links":{"self":[{"href":"https:\/\/www.santeksmakine.com\/ru\/wp-json\/wp\/v2\/product\/2321","targetHints":{"allow":["GET"]}}],"collection":[{"href":"https:\/\/www.santeksmakine.com\/ru\/wp-json\/wp\/v2\/product"}],"about":[{"href":"https:\/\/www.santeksmakine.com\/ru\/wp-json\/wp\/v2\/types\/product"}],"replies":[{"embeddable":true,"href":"https:\/\/www.santeksmakine.com\/ru\/wp-json\/wp\/v2\/comments?post=2321"}],"wp:featuredmedia":[{"embeddable":true,"href":"https:\/\/www.santeksmakine.com\/ru\/wp-json\/wp\/v2\/media\/2322"}],"wp:attachment":[{"href":"https:\/\/www.santeksmakine.com\/ru\/wp-json\/wp\/v2\/media?parent=2321"}],"wp:term":[{"taxonomy":"product_brand","embeddable":true,"href":"https:\/\/www.santeksmakine.com\/ru\/wp-json\/wp\/v2\/product_brand?post=2321"},{"taxonomy":"product_cat","embeddable":true,"href":"https:\/\/www.santeksmakine.com\/ru\/wp-json\/wp\/v2\/product_cat?post=2321"},{"taxonomy":"product_tag","embeddable":true,"href":"https:\/\/www.santeksmakine.com\/ru\/wp-json\/wp\/v2\/product_tag?post=2321"}],"curies":[{"name":"wp","href":"https:\/\/api.w.org\/{rel}","templated":true}]}}