{"id":2367,"date":"2019-08-23T12:42:42","date_gmt":"2019-08-23T12:42:42","guid":{"rendered":"https:\/\/www.santeksmakine.com\/?post_type=product&#038;p=2367"},"modified":"2024-09-30T10:36:39","modified_gmt":"2024-09-30T07:36:39","slug":"groz-beckert-db-x-1-duz-dikis-makinesi-ignesi-ince-dip-10-adet-2","status":"publish","type":"product","link":"https:\/\/www.santeksmakine.com\/ru\/product\/groz-beckert-db-x-1-duz-dikis-makinesi-ignesi-ince-dip-10-adet-2\/","title":{"rendered":"Groz Beckert DB X 1 D\u00fcz Diki\u015f Makinesi \u0130\u011fnesi (\u0130nce Dip) (10 Adet)"},"content":{"rendered":"<h1>Groz Beckert DB X 1 D\u00fcz Diki\u015f Makinesi \u0130\u011fnesi (\u0130nce Dip) (10 Adet)<\/h1>\n<p>Groz Beckert Sistem No: (DBx1) (1738) (16&#215;257)<\/p>\n<p>Kal\u0131nl\u0131k No: (8\/60) (9\/65) (10\/70) (11\/75) (12\/80) (14\/90) (16\/100) (18\/110) (19\/120) (21\/130) (22\/140)<\/p>\n<p>Groz Beckert DBx1 1738 16&#215;257<\/p>\n<p>Groz Beckert DBX1 \/ 1738 \/ 16X231 \/ 1738 KK \/ BLX1 \/ 1738 LR \/ DBXF2<\/p>\n<p>Groz Beckert 1738A \/ 287WH \/ 71X1 \/ 1738A \/ DLX95 \/ 71X1<\/p>\n<p>1 Kutu \u0130\u00e7erisinde 10 Adet \u0130\u011fne Mevcuttur.<\/p>\n","protected":false},"excerpt":{"rendered":"<p>Groz Beckert DB X 1 D\u00fcz Diki\u015f Makinesi \u0130\u011fnesi (\u0130nce Dip) (10 Adet) Groz Beckert Sistem No: (DBx1) (1738) (16&#215;257) Kal\u0131nl\u0131k No: (8\/60) (9\/65) (10\/70) (11\/75) (12\/80) (14\/90) (16\/100) (18\/110) (19\/120) (21\/130) (22\/140) Groz Beckert DBx1 1738 16&#215;257 Groz Beckert DBX1 \/ 1738 \/ 16X231 \/ 1738 KK \/ BLX1 \/ 1738 LR \/ DBXF2 &hellip; <a href=\"https:\/\/www.santeksmakine.com\/ru\/product\/groz-beckert-db-x-1-duz-dikis-makinesi-ignesi-ince-dip-10-adet-2\/\" class=\"more-link\">Continue reading <span class=\"screen-reader-text\">Groz Beckert DB X 1 D\u00fcz Diki\u015f Makinesi \u0130\u011fnesi (\u0130nce Dip) (10 Adet)<\/span><\/a><\/p>\n","protected":false},"featured_media":2368,"comment_status":"closed","ping_status":"closed","template":"","meta":{"_joinchat":[]},"product_brand":[],"product_cat":[1682,1685,1672],"product_tag":[2616,2400,2377,2381,2615,2585],"class_list":{"0":"post-2367","1":"product","2":"type-product","3":"status-publish","4":"has-post-thumbnail","6":"product_cat-dikis-ekipmanlari","7":"product_cat-dikis-igneleri","8":"product_cat-dikis-urunleri","9":"product_tag-dikis","10":"product_tag-dikis-ignesi","11":"product_tag-groz-beckert","12":"product_tag-igne","13":"product_tag-nakis","14":"product_tag-nakis-ignesi","17":"instock","18":"taxable","19":"shipping-taxable","20":"purchasable","21":"product-type-simple"},"_links":{"self":[{"href":"https:\/\/www.santeksmakine.com\/ru\/wp-json\/wp\/v2\/product\/2367","targetHints":{"allow":["GET"]}}],"collection":[{"href":"https:\/\/www.santeksmakine.com\/ru\/wp-json\/wp\/v2\/product"}],"about":[{"href":"https:\/\/www.santeksmakine.com\/ru\/wp-json\/wp\/v2\/types\/product"}],"replies":[{"embeddable":true,"href":"https:\/\/www.santeksmakine.com\/ru\/wp-json\/wp\/v2\/comments?post=2367"}],"wp:featuredmedia":[{"embeddable":true,"href":"https:\/\/www.santeksmakine.com\/ru\/wp-json\/wp\/v2\/media\/2368"}],"wp:attachment":[{"href":"https:\/\/www.santeksmakine.com\/ru\/wp-json\/wp\/v2\/media?parent=2367"}],"wp:term":[{"taxonomy":"product_brand","embeddable":true,"href":"https:\/\/www.santeksmakine.com\/ru\/wp-json\/wp\/v2\/product_brand?post=2367"},{"taxonomy":"product_cat","embeddable":true,"href":"https:\/\/www.santeksmakine.com\/ru\/wp-json\/wp\/v2\/product_cat?post=2367"},{"taxonomy":"product_tag","embeddable":true,"href":"https:\/\/www.santeksmakine.com\/ru\/wp-json\/wp\/v2\/product_tag?post=2367"}],"curies":[{"name":"wp","href":"https:\/\/api.w.org\/{rel}","templated":true}]}}