{"id":2372,"date":"2019-08-23T12:45:52","date_gmt":"2019-08-23T12:45:52","guid":{"rendered":"https:\/\/www.santeksmakine.com\/?post_type=product&#038;p=2372"},"modified":"2024-09-30T10:36:39","modified_gmt":"2024-09-30T07:36:39","slug":"schmetz-dc-x-27-overlok-makinesi-ignesi-3","status":"publish","type":"product","link":"https:\/\/www.santeksmakine.com\/ru\/product\/schmetz-dc-x-27-overlok-makinesi-ignesi-3\/","title":{"rendered":"Schmetz DC X 27 Overlok Makinesi \u0130\u011fnesi"},"content":{"rendered":"<h1>Schmetz DC X 27 Overlok Makinesi \u0130\u011fnesi<\/h1>\n<p>Schmetz \u0130\u011fne | Schmetz DC x 27 Overlok Makinas\u0131 \u0130\u011fnesi | Diki\u015f \u0130\u011fneleri<\/p>\n<p>Diki\u015f \u0130\u011fnesi: Schmetz DCX27 Overlok Makinas\u0131 \u0130\u011fnesi, Sistem Numaras\u0131: DC x 27<\/p>\n<p>Kategori: Diki\u015f Makinas\u0131 \u0130\u011fneleri, Konfeksiyon Tekstil \u0130\u011fneleri<\/p>\n","protected":false},"excerpt":{"rendered":"<p>Schmetz DC X 27 Overlok Makinesi \u0130\u011fnesi Schmetz \u0130\u011fne | Schmetz DC x 27 Overlok Makinas\u0131 \u0130\u011fnesi | Diki\u015f \u0130\u011fneleri Diki\u015f \u0130\u011fnesi: Schmetz DCX27 Overlok Makinas\u0131 \u0130\u011fnesi, Sistem Numaras\u0131: DC x 27 Kategori: Diki\u015f Makinas\u0131 \u0130\u011fneleri, Konfeksiyon Tekstil \u0130\u011fneleri<\/p>\n","protected":false},"featured_media":2373,"comment_status":"closed","ping_status":"closed","template":"","meta":{"_joinchat":[]},"product_brand":[],"product_cat":[1682,1685,1672],"product_tag":[1402,2379,2381,2399,1323,2614,2395],"class_list":{"0":"post-2372","1":"product","2":"type-product","3":"status-publish","4":"has-post-thumbnail","6":"product_cat-dikis-ekipmanlari","7":"product_cat-dikis-igneleri","8":"product_cat-dikis-urunleri","9":"product_tag-dikis-makinesi","10":"product_tag-dikis-makinesi-ignesi","11":"product_tag-igne","12":"product_tag-makine-ignesi","13":"product_tag-nakis-makinesi","14":"product_tag-nakis-makinesi-ignesi","15":"product_tag-schmetz","18":"instock","19":"taxable","20":"shipping-taxable","21":"purchasable","22":"product-type-simple"},"_links":{"self":[{"href":"https:\/\/www.santeksmakine.com\/ru\/wp-json\/wp\/v2\/product\/2372","targetHints":{"allow":["GET"]}}],"collection":[{"href":"https:\/\/www.santeksmakine.com\/ru\/wp-json\/wp\/v2\/product"}],"about":[{"href":"https:\/\/www.santeksmakine.com\/ru\/wp-json\/wp\/v2\/types\/product"}],"replies":[{"embeddable":true,"href":"https:\/\/www.santeksmakine.com\/ru\/wp-json\/wp\/v2\/comments?post=2372"}],"wp:featuredmedia":[{"embeddable":true,"href":"https:\/\/www.santeksmakine.com\/ru\/wp-json\/wp\/v2\/media\/2373"}],"wp:attachment":[{"href":"https:\/\/www.santeksmakine.com\/ru\/wp-json\/wp\/v2\/media?parent=2372"}],"wp:term":[{"taxonomy":"product_brand","embeddable":true,"href":"https:\/\/www.santeksmakine.com\/ru\/wp-json\/wp\/v2\/product_brand?post=2372"},{"taxonomy":"product_cat","embeddable":true,"href":"https:\/\/www.santeksmakine.com\/ru\/wp-json\/wp\/v2\/product_cat?post=2372"},{"taxonomy":"product_tag","embeddable":true,"href":"https:\/\/www.santeksmakine.com\/ru\/wp-json\/wp\/v2\/product_tag?post=2372"}],"curies":[{"name":"wp","href":"https:\/\/api.w.org\/{rel}","templated":true}]}}