{"id":2445,"date":"2019-08-27T13:15:03","date_gmt":"2019-08-27T13:15:03","guid":{"rendered":"https:\/\/www.santeksmakine.com\/?post_type=product&#038;p=2445"},"modified":"2024-09-30T10:36:43","modified_gmt":"2024-09-30T07:36:43","slug":"orange-dp-x-17-punteriz-makine-ignesi","status":"publish","type":"product","link":"https:\/\/www.santeksmakine.com\/ru\/product\/orange-dp-x-17-punteriz-makine-ignesi\/","title":{"rendered":"Orange DP X 17 Punteriz Makine \u0130\u011fnesi"},"content":{"rendered":"<h1>Orange DP X 17 Punteriz Makine \u0130\u011fnesi<\/h1>\n<p><strong>ORANGE DPX17 PUNTER\u0130Z \u0130\u011eNES\u0130<\/strong><\/p>\n<p>Diki\u015f \u0130\u011fnesi: Orange DPX17 Punteriz \u0130\u011fnesi, Sistem Numaras\u0131: DP x 17<\/p>\n<p>Kategori: Diki\u015f Makinas\u0131 \u0130\u011fneleri, Konfeksiyon Tekstil \u0130\u011fne \u00c7e\u015fitleri<\/p>\n","protected":false},"excerpt":{"rendered":"<p>Orange DP X 17 Punteriz Makine \u0130\u011fnesi ORANGE DPX17 PUNTER\u0130Z \u0130\u011eNES\u0130 Diki\u015f \u0130\u011fnesi: Orange DPX17 Punteriz \u0130\u011fnesi, Sistem Numaras\u0131: DP x 17 Kategori: Diki\u015f Makinas\u0131 \u0130\u011fneleri, Konfeksiyon Tekstil \u0130\u011fne \u00c7e\u015fitleri<\/p>\n","protected":false},"featured_media":0,"comment_status":"closed","ping_status":"closed","template":"","meta":{"_joinchat":[]},"product_brand":[],"product_cat":[1682,1685,1672],"product_tag":[2616,2400,2381,2615,2585,2583],"class_list":{"0":"post-2445","1":"product","2":"type-product","3":"status-publish","5":"product_cat-dikis-ekipmanlari","6":"product_cat-dikis-igneleri","7":"product_cat-dikis-urunleri","8":"product_tag-dikis","9":"product_tag-dikis-ignesi","10":"product_tag-igne","11":"product_tag-nakis","12":"product_tag-nakis-ignesi","13":"product_tag-orange","16":"instock","17":"taxable","18":"shipping-taxable","19":"purchasable","20":"product-type-simple"},"_links":{"self":[{"href":"https:\/\/www.santeksmakine.com\/ru\/wp-json\/wp\/v2\/product\/2445","targetHints":{"allow":["GET"]}}],"collection":[{"href":"https:\/\/www.santeksmakine.com\/ru\/wp-json\/wp\/v2\/product"}],"about":[{"href":"https:\/\/www.santeksmakine.com\/ru\/wp-json\/wp\/v2\/types\/product"}],"replies":[{"embeddable":true,"href":"https:\/\/www.santeksmakine.com\/ru\/wp-json\/wp\/v2\/comments?post=2445"}],"wp:attachment":[{"href":"https:\/\/www.santeksmakine.com\/ru\/wp-json\/wp\/v2\/media?parent=2445"}],"wp:term":[{"taxonomy":"product_brand","embeddable":true,"href":"https:\/\/www.santeksmakine.com\/ru\/wp-json\/wp\/v2\/product_brand?post=2445"},{"taxonomy":"product_cat","embeddable":true,"href":"https:\/\/www.santeksmakine.com\/ru\/wp-json\/wp\/v2\/product_cat?post=2445"},{"taxonomy":"product_tag","embeddable":true,"href":"https:\/\/www.santeksmakine.com\/ru\/wp-json\/wp\/v2\/product_tag?post=2445"}],"curies":[{"name":"wp","href":"https:\/\/api.w.org\/{rel}","templated":true}]}}