{"id":2462,"date":"2019-08-27T14:11:54","date_gmt":"2019-08-27T14:11:54","guid":{"rendered":"https:\/\/www.santeksmakine.com\/?post_type=product&#038;p=2462"},"modified":"2024-09-30T10:36:44","modified_gmt":"2024-09-30T07:36:44","slug":"orange-dp-x-5-cift-igne-dikis-makinesi-ignesi","status":"publish","type":"product","link":"https:\/\/www.santeksmakine.com\/ru\/product\/orange-dp-x-5-cift-igne-dikis-makinesi-ignesi\/","title":{"rendered":"Orange DP X 5 \u00c7ift \u0130\u011fne Diki\u015f Makinesi \u0130\u011fnesi"},"content":{"rendered":"<h1>Orange DP X 5 \u00c7ift \u0130\u011fne Diki\u015f Makinesi \u0130\u011fnesi<\/h1>\n","protected":false},"excerpt":{"rendered":"<p>Orange DP X 5 \u00c7ift \u0130\u011fne Diki\u015f Makinesi \u0130\u011fnesi<\/p>\n","protected":false},"featured_media":0,"comment_status":"closed","ping_status":"closed","template":"","meta":{"_joinchat":[]},"product_brand":[],"product_cat":[1682,1685,1672],"product_tag":[2631,2630,2616,2400,2381,2615,2585,2583],"class_list":{"0":"post-2462","1":"product","2":"type-product","3":"status-publish","5":"product_cat-dikis-ekipmanlari","6":"product_cat-dikis-igneleri","7":"product_cat-dikis-urunleri","8":"product_tag-cift-igne","9":"product_tag-cift-igne-dikis-makinesi-ignesi","10":"product_tag-dikis","11":"product_tag-dikis-ignesi","12":"product_tag-igne","13":"product_tag-nakis","14":"product_tag-nakis-ignesi","15":"product_tag-orange","18":"instock","19":"taxable","20":"shipping-taxable","21":"purchasable","22":"product-type-simple"},"_links":{"self":[{"href":"https:\/\/www.santeksmakine.com\/ru\/wp-json\/wp\/v2\/product\/2462","targetHints":{"allow":["GET"]}}],"collection":[{"href":"https:\/\/www.santeksmakine.com\/ru\/wp-json\/wp\/v2\/product"}],"about":[{"href":"https:\/\/www.santeksmakine.com\/ru\/wp-json\/wp\/v2\/types\/product"}],"replies":[{"embeddable":true,"href":"https:\/\/www.santeksmakine.com\/ru\/wp-json\/wp\/v2\/comments?post=2462"}],"wp:attachment":[{"href":"https:\/\/www.santeksmakine.com\/ru\/wp-json\/wp\/v2\/media?parent=2462"}],"wp:term":[{"taxonomy":"product_brand","embeddable":true,"href":"https:\/\/www.santeksmakine.com\/ru\/wp-json\/wp\/v2\/product_brand?post=2462"},{"taxonomy":"product_cat","embeddable":true,"href":"https:\/\/www.santeksmakine.com\/ru\/wp-json\/wp\/v2\/product_cat?post=2462"},{"taxonomy":"product_tag","embeddable":true,"href":"https:\/\/www.santeksmakine.com\/ru\/wp-json\/wp\/v2\/product_tag?post=2462"}],"curies":[{"name":"wp","href":"https:\/\/api.w.org\/{rel}","templated":true}]}}