{"id":2463,"date":"2019-08-27T14:13:12","date_gmt":"2019-08-27T14:13:12","guid":{"rendered":"https:\/\/www.santeksmakine.com\/?post_type=product&#038;p=2463"},"modified":"2024-09-30T10:36:44","modified_gmt":"2024-09-30T07:36:44","slug":"schmetz-dp-x-17-deri-dikis-makinesi-ignesi","status":"publish","type":"product","link":"https:\/\/www.santeksmakine.com\/ru\/product\/schmetz-dp-x-17-deri-dikis-makinesi-ignesi\/","title":{"rendered":"Schmetz DP X 17 Deri Diki\u015f Makinesi \u0130\u011fnesi"},"content":{"rendered":"<h1>Schmetz DP X 17 Deri Diki\u015f Makinesi \u0130\u011fnesi<\/h1>\n","protected":false},"excerpt":{"rendered":"<p>Schmetz DP X 17 Deri Diki\u015f Makinesi \u0130\u011fnesi<\/p>\n","protected":false},"featured_media":2464,"comment_status":"closed","ping_status":"closed","template":"","meta":{"_joinchat":[]},"product_brand":[],"product_cat":[1682,1685,1672],"product_tag":[2632,2633,2634,1402,2379,2381,2399,1323,2614,2395],"class_list":{"0":"post-2463","1":"product","2":"type-product","3":"status-publish","4":"has-post-thumbnail","6":"product_cat-dikis-ekipmanlari","7":"product_cat-dikis-igneleri","8":"product_cat-dikis-urunleri","9":"product_tag-deri-dikis","10":"product_tag-deri-dikis-makinesi","11":"product_tag-deri-dikis-makinesi-ignesi","12":"product_tag-dikis-makinesi","13":"product_tag-dikis-makinesi-ignesi","14":"product_tag-igne","15":"product_tag-makine-ignesi","16":"product_tag-nakis-makinesi","17":"product_tag-nakis-makinesi-ignesi","18":"product_tag-schmetz","21":"instock","22":"taxable","23":"shipping-taxable","24":"purchasable","25":"product-type-simple"},"_links":{"self":[{"href":"https:\/\/www.santeksmakine.com\/ru\/wp-json\/wp\/v2\/product\/2463","targetHints":{"allow":["GET"]}}],"collection":[{"href":"https:\/\/www.santeksmakine.com\/ru\/wp-json\/wp\/v2\/product"}],"about":[{"href":"https:\/\/www.santeksmakine.com\/ru\/wp-json\/wp\/v2\/types\/product"}],"replies":[{"embeddable":true,"href":"https:\/\/www.santeksmakine.com\/ru\/wp-json\/wp\/v2\/comments?post=2463"}],"wp:featuredmedia":[{"embeddable":true,"href":"https:\/\/www.santeksmakine.com\/ru\/wp-json\/wp\/v2\/media\/2464"}],"wp:attachment":[{"href":"https:\/\/www.santeksmakine.com\/ru\/wp-json\/wp\/v2\/media?parent=2463"}],"wp:term":[{"taxonomy":"product_brand","embeddable":true,"href":"https:\/\/www.santeksmakine.com\/ru\/wp-json\/wp\/v2\/product_brand?post=2463"},{"taxonomy":"product_cat","embeddable":true,"href":"https:\/\/www.santeksmakine.com\/ru\/wp-json\/wp\/v2\/product_cat?post=2463"},{"taxonomy":"product_tag","embeddable":true,"href":"https:\/\/www.santeksmakine.com\/ru\/wp-json\/wp\/v2\/product_tag?post=2463"}],"curies":[{"name":"wp","href":"https:\/\/api.w.org\/{rel}","templated":true}]}}