{"id":2739,"date":"2019-08-30T12:21:25","date_gmt":"2019-08-30T12:21:25","guid":{"rendered":"https:\/\/www.santeksmakine.com\/?post_type=product&#038;p=2739"},"modified":"2024-09-30T10:36:55","modified_gmt":"2024-09-30T07:36:55","slug":"golden-eagle-tc-800-iplik-temizleme-makasi-plastik-parmakli","status":"publish","type":"product","link":"https:\/\/www.santeksmakine.com\/ru\/product\/golden-eagle-tc-800-iplik-temizleme-makasi-plastik-parmakli\/","title":{"rendered":"Golden Eagle TC-800 \u0130plik Temizleme Makas\u0131 (Plastik &#8211; Parmakl\u0131)"},"content":{"rendered":"<h1>Golden Eagle TC-800 \u0130plik Temizleme Makas\u0131 (Plastik &#8211; Parmakl\u0131)<\/h1>\n","protected":false},"excerpt":{"rendered":"<p>Golden Eagle TC-800 \u0130plik Temizleme Makas\u0131 (Plastik &#8211; Parmakl\u0131)<\/p>\n","protected":false},"featured_media":2741,"comment_status":"closed","ping_status":"closed","template":"","meta":{"_joinchat":[]},"product_brand":[],"product_cat":[1682,1672,1689],"product_tag":[2649,2650,2642,2643,2651,2652,2645,2646,2644],"class_list":{"0":"post-2739","1":"product","2":"type-product","3":"status-publish","4":"has-post-thumbnail","6":"product_cat-dikis-ekipmanlari","7":"product_cat-dikis-urunleri","8":"product_cat-makaslar","9":"product_tag-iplik-temizleme","10":"product_tag-iplik-temizleme-makasi","11":"product_tag-makas","12":"product_tag-makaslar","13":"product_tag-parmak-gecirmeli-makas","14":"product_tag-plastik-makas","15":"product_tag-somunlu-makas","16":"product_tag-somunlu-terzi-makasi","17":"product_tag-terzi-makasi","20":"instock","21":"taxable","22":"shipping-taxable","23":"purchasable","24":"product-type-simple"},"_links":{"self":[{"href":"https:\/\/www.santeksmakine.com\/ru\/wp-json\/wp\/v2\/product\/2739","targetHints":{"allow":["GET"]}}],"collection":[{"href":"https:\/\/www.santeksmakine.com\/ru\/wp-json\/wp\/v2\/product"}],"about":[{"href":"https:\/\/www.santeksmakine.com\/ru\/wp-json\/wp\/v2\/types\/product"}],"replies":[{"embeddable":true,"href":"https:\/\/www.santeksmakine.com\/ru\/wp-json\/wp\/v2\/comments?post=2739"}],"wp:featuredmedia":[{"embeddable":true,"href":"https:\/\/www.santeksmakine.com\/ru\/wp-json\/wp\/v2\/media\/2741"}],"wp:attachment":[{"href":"https:\/\/www.santeksmakine.com\/ru\/wp-json\/wp\/v2\/media?parent=2739"}],"wp:term":[{"taxonomy":"product_brand","embeddable":true,"href":"https:\/\/www.santeksmakine.com\/ru\/wp-json\/wp\/v2\/product_brand?post=2739"},{"taxonomy":"product_cat","embeddable":true,"href":"https:\/\/www.santeksmakine.com\/ru\/wp-json\/wp\/v2\/product_cat?post=2739"},{"taxonomy":"product_tag","embeddable":true,"href":"https:\/\/www.santeksmakine.com\/ru\/wp-json\/wp\/v2\/product_tag?post=2739"}],"curies":[{"name":"wp","href":"https:\/\/api.w.org\/{rel}","templated":true}]}}