{"id":2850,"date":"2019-09-03T11:52:23","date_gmt":"2019-09-03T11:52:23","guid":{"rendered":"https:\/\/www.santeksmakine.com\/?post_type=product&#038;p=2850"},"modified":"2024-09-30T10:36:56","modified_gmt":"2024-09-30T07:36:56","slug":"linate-vidali-terzi-makasi-no9-22-86-cm-linate-m-130","status":"publish","type":"product","link":"https:\/\/www.santeksmakine.com\/ru\/product\/linate-vidali-terzi-makasi-no9-22-86-cm-linate-m-130\/","title":{"rendered":"Linate Vidal\u0131 Terzi Makas\u0131 (No:9 &#8211; 22.86 cm) Linate M-130"},"content":{"rendered":"<h1>Linate Vidal\u0131 Terzi Makas\u0131 (No:9 &#8211; 22.86 cm) Linate M-130 T\u00fcrk Mal\u0131<\/h1>\n<p>Terzi Makas\u0131<\/p>\n<p>Nikel Kaplama<\/p>\n<p>Regula Makas\u0131<\/p>\n<p>9&#8243; in\u00e7 &#8211; 22.86 cm<\/p>\n<p>Kod: M-130<\/p>\n","protected":false},"excerpt":{"rendered":"<p>Linate Vidal\u0131 Terzi Makas\u0131 (No:9 &#8211; 22.86 cm) Linate M-130 T\u00fcrk Mal\u0131 Terzi Makas\u0131 Nikel Kaplama Regula Makas\u0131 9&#8243; in\u00e7 &#8211; 22.86 cm Kod: M-130<\/p>\n","protected":false},"featured_media":2851,"comment_status":"closed","ping_status":"closed","template":"","meta":{"_joinchat":[]},"product_brand":[],"product_cat":[1682,1672,1689],"product_tag":[2694,2666,2695,2696,2642,2706,2644],"class_list":{"0":"post-2850","1":"product","2":"type-product","3":"status-publish","4":"has-post-thumbnail","6":"product_cat-dikis-ekipmanlari","7":"product_cat-dikis-urunleri","8":"product_cat-makaslar","9":"product_tag-iplik-makasi","10":"product_tag-kumas-makasi","11":"product_tag-linate","12":"product_tag-linate-makas","13":"product_tag-makas","14":"product_tag-regula-makasi","15":"product_tag-terzi-makasi","18":"instock","19":"taxable","20":"shipping-taxable","21":"purchasable","22":"product-type-simple"},"_links":{"self":[{"href":"https:\/\/www.santeksmakine.com\/ru\/wp-json\/wp\/v2\/product\/2850","targetHints":{"allow":["GET"]}}],"collection":[{"href":"https:\/\/www.santeksmakine.com\/ru\/wp-json\/wp\/v2\/product"}],"about":[{"href":"https:\/\/www.santeksmakine.com\/ru\/wp-json\/wp\/v2\/types\/product"}],"replies":[{"embeddable":true,"href":"https:\/\/www.santeksmakine.com\/ru\/wp-json\/wp\/v2\/comments?post=2850"}],"wp:featuredmedia":[{"embeddable":true,"href":"https:\/\/www.santeksmakine.com\/ru\/wp-json\/wp\/v2\/media\/2851"}],"wp:attachment":[{"href":"https:\/\/www.santeksmakine.com\/ru\/wp-json\/wp\/v2\/media?parent=2850"}],"wp:term":[{"taxonomy":"product_brand","embeddable":true,"href":"https:\/\/www.santeksmakine.com\/ru\/wp-json\/wp\/v2\/product_brand?post=2850"},{"taxonomy":"product_cat","embeddable":true,"href":"https:\/\/www.santeksmakine.com\/ru\/wp-json\/wp\/v2\/product_cat?post=2850"},{"taxonomy":"product_tag","embeddable":true,"href":"https:\/\/www.santeksmakine.com\/ru\/wp-json\/wp\/v2\/product_tag?post=2850"}],"curies":[{"name":"wp","href":"https:\/\/api.w.org\/{rel}","templated":true}]}}