{"id":4778,"date":"2020-05-06T10:22:08","date_gmt":"2020-05-06T10:22:08","guid":{"rendered":"https:\/\/www.santeksmakine.com\/?post_type=product&#038;p=4778"},"modified":"2024-09-30T10:37:12","modified_gmt":"2024-09-30T07:37:12","slug":"newlong-np-7a-cuval-agzi-dikis-makinasi-japon-mali","status":"publish","type":"product","link":"https:\/\/www.santeksmakine.com\/ru\/product\/newlong-np-7a-cuval-agzi-dikis-makinasi-japon-mali\/","title":{"rendered":"Newlong Np-7A \u00c7uval A\u011fz\u0131 Diki\u015f Makinas\u0131 (Japon Mal\u0131)"},"content":{"rendered":"<div class=\"wpb-content-wrapper\"><p>[vc_row][vc_column][vc_column_text]Newlong \u00e7uval dikme makinas\u0131 g\u00fcnl\u00fck 4000-5000 \u00e7uval kapasiteli kullan\u0131mlarda m\u00fckemmel \u00e7al\u0131\u015f\u0131r.<\/p>\n<p>Japonya dan ithal en y\u00fcksek kalite \u00fcr\u00fcnd\u00fcr<br \/>\nDiki\u015f Kapasitesi: G\u00fcnde aral\u0131kl\u0131 4000-5000 \u00e7uval<br \/>\nKullan\u0131c\u0131 grubu : \u00c7ok Yo\u011fun kullan\u0131c\u0131lar<br \/>\nUn, Bakliyat, Tohum, Metal, Kuma\u015f, K\u00f6m\u00fcr \u00e7uval\u0131n\u0131n a\u011fz\u0131n\u0131 kapatmak i\u00e7in kullan\u0131l\u0131r. Ka\u011f\u0131t Torba Dikimi i\u00e7inde kullan\u0131labilir<\/p>\n<p>H\u0131z : 5 saniyede 1 \u00e7uval<br \/>\n\u00dclke : Japonya<br \/>\nDiki\u015f Tipi : Tek ip zincir diki\u015f<br \/>\nDiki\u015f Aral\u0131\u011f\u0131 : 8.5 mm<br \/>\nDevir : 1700-1900 devir \/ dakika<br \/>\n\u0130\u011fne : DN X 1 # 25<br \/>\n\u0130plik : Polyester veya Pamuk<br \/>\nMotor : 80 w<br \/>\nElektrik : 220 v<br \/>\nNet A\u011f\u0131rl\u0131k : 6 Kg<br \/>\n\u00d6l\u00e7\u00fcleri mm : 361(G)x246(U)x321(Y)<br \/>\n\u00c7uval A\u011fz\u0131 Makinas\u0131nda 20 Numara Ya\u011f Kullan\u0131l\u0131r.[\/vc_column_text][\/vc_column][\/vc_row][vc_row][vc_column width=&#8221;1\/2&#8243;][vc_video link=&#8221;https:\/\/youtu.be\/gLMTvUkBwoM&#8221;][\/vc_column][vc_column width=&#8221;1\/2&#8243;][\/vc_column][\/vc_row]<\/p>\n<\/div>","protected":false},"excerpt":{"rendered":"<p>Yeni nesil makinelerimiz ile \u00fcretim alan\u0131nda verim elde edin. Kolay kullan\u0131m\u0131 ve performans\u0131 ile \u00fcretim konusunda zamandan kazanman\u0131za olanak sa\u011flar. \u00dcst\u00fcn performans\u0131 ve kaliteli \u00fcretim kabiliyeti ile muadilleriyle aras\u0131na uzak ara fark a\u00e7maktad\u0131r. Bu makina ile kaliteli ve benzersiz \u00fcr\u00fcnler \u00fcretebilirsiniz.<\/p>\n<p>Yedek par\u00e7a temini ve teknik destek hizmeti konusunda firmam\u0131z \u00fcr\u00fcnlerimizin ard\u0131nda sonuna kadar m\u00fc\u015fteri memnuniyetini g\u00f6zeterek durmaktad\u0131r.<\/p>\n","protected":false},"featured_media":4779,"comment_status":"closed","ping_status":"closed","template":"","meta":{"_joinchat":[]},"product_brand":[],"product_cat":[1649,1646],"product_tag":[2621,2622],"class_list":{"0":"post-4778","1":"product","2":"type-product","3":"status-publish","4":"has-post-thumbnail","6":"product_cat-cuval-agzi-dikis","7":"product_cat-diger-makineler","8":"product_tag-cuval-agzi-dikis","9":"product_tag-cuval-agzi-dikis-makinesi","12":"instock","13":"taxable","14":"shipping-taxable","15":"purchasable","16":"product-type-simple"},"_links":{"self":[{"href":"https:\/\/www.santeksmakine.com\/ru\/wp-json\/wp\/v2\/product\/4778","targetHints":{"allow":["GET"]}}],"collection":[{"href":"https:\/\/www.santeksmakine.com\/ru\/wp-json\/wp\/v2\/product"}],"about":[{"href":"https:\/\/www.santeksmakine.com\/ru\/wp-json\/wp\/v2\/types\/product"}],"replies":[{"embeddable":true,"href":"https:\/\/www.santeksmakine.com\/ru\/wp-json\/wp\/v2\/comments?post=4778"}],"wp:featuredmedia":[{"embeddable":true,"href":"https:\/\/www.santeksmakine.com\/ru\/wp-json\/wp\/v2\/media\/4779"}],"wp:attachment":[{"href":"https:\/\/www.santeksmakine.com\/ru\/wp-json\/wp\/v2\/media?parent=4778"}],"wp:term":[{"taxonomy":"product_brand","embeddable":true,"href":"https:\/\/www.santeksmakine.com\/ru\/wp-json\/wp\/v2\/product_brand?post=4778"},{"taxonomy":"product_cat","embeddable":true,"href":"https:\/\/www.santeksmakine.com\/ru\/wp-json\/wp\/v2\/product_cat?post=4778"},{"taxonomy":"product_tag","embeddable":true,"href":"https:\/\/www.santeksmakine.com\/ru\/wp-json\/wp\/v2\/product_tag?post=4778"}],"curies":[{"name":"wp","href":"https:\/\/api.w.org\/{rel}","templated":true}]}}