{"id":4783,"date":"2020-05-06T10:38:26","date_gmt":"2020-05-06T10:38:26","guid":{"rendered":"https:\/\/www.santeksmakine.com\/?post_type=product&#038;p=4783"},"modified":"2024-09-30T10:37:12","modified_gmt":"2024-09-30T07:37:12","slug":"cuval-agzi-dikis-makinasi-sivici-salteri-acma-kapama-dugmesi","status":"publish","type":"product","link":"https:\/\/www.santeksmakine.com\/ru\/product\/cuval-agzi-dikis-makinasi-sivici-salteri-acma-kapama-dugmesi\/","title":{"rendered":"\u00c7uval A\u011fz\u0131 Diki\u015f Makinas\u0131 Sivici (\u015ealteri) A\u00e7ma Kapama D\u00fc\u011fmesi"},"content":{"rendered":"<div class=\"wpb-content-wrapper\"><p>[vc_row][vc_column][vc_column_text]\u00c7uval A\u011fz\u0131 Diki\u015f Makinas\u0131 Sivici (\u015ealteri) A\u00e7ma Kapama D\u00fc\u011fmesi<br \/>\n\u00c7uval A\u011fz\u0131 Diki\u015f Makinesi \u015ealteri, \u00c7uval A\u011fz\u0131 Dikme Makinas\u0131 Butonu<br \/>\nT\u00fcm \u00c7uval A\u011fz\u0131 Diki\u015f Makinelerine Uyar.[\/vc_column_text][\/vc_column][\/vc_row]<\/p>\n<\/div>","protected":false},"excerpt":{"rendered":"<p>Yeni nesil makinelerimiz ile \u00fcretim alan\u0131nda verim elde edin. Kolay kullan\u0131m\u0131 ve performans\u0131 ile \u00fcretim konusunda zamandan kazanman\u0131za olanak sa\u011flar. \u00dcst\u00fcn performans\u0131 ve kaliteli \u00fcretim kabiliyeti ile muadilleriyle aras\u0131na uzak ara fark a\u00e7maktad\u0131r. Bu makina ile kaliteli ve benzersiz \u00fcr\u00fcnler \u00fcretebilirsiniz.<\/p>\n<p>Yedek par\u00e7a temini ve teknik destek hizmeti konusunda firmam\u0131z \u00fcr\u00fcnlerimizin ard\u0131nda sonuna kadar m\u00fc\u015fteri memnuniyetini g\u00f6zeterek durmaktad\u0131r.<\/p>\n","protected":false},"featured_media":4785,"comment_status":"closed","ping_status":"closed","template":"","meta":{"_joinchat":[]},"product_brand":[],"product_cat":[1649,1646],"product_tag":[2577,2621,2622],"class_list":{"0":"post-4783","1":"product","2":"type-product","3":"status-publish","4":"has-post-thumbnail","6":"product_cat-cuval-agzi-dikis","7":"product_cat-diger-makineler","8":"product_tag-cuval-agzi","9":"product_tag-cuval-agzi-dikis","10":"product_tag-cuval-agzi-dikis-makinesi","13":"instock","14":"taxable","15":"shipping-taxable","16":"purchasable","17":"product-type-simple"},"_links":{"self":[{"href":"https:\/\/www.santeksmakine.com\/ru\/wp-json\/wp\/v2\/product\/4783","targetHints":{"allow":["GET"]}}],"collection":[{"href":"https:\/\/www.santeksmakine.com\/ru\/wp-json\/wp\/v2\/product"}],"about":[{"href":"https:\/\/www.santeksmakine.com\/ru\/wp-json\/wp\/v2\/types\/product"}],"replies":[{"embeddable":true,"href":"https:\/\/www.santeksmakine.com\/ru\/wp-json\/wp\/v2\/comments?post=4783"}],"wp:featuredmedia":[{"embeddable":true,"href":"https:\/\/www.santeksmakine.com\/ru\/wp-json\/wp\/v2\/media\/4785"}],"wp:attachment":[{"href":"https:\/\/www.santeksmakine.com\/ru\/wp-json\/wp\/v2\/media?parent=4783"}],"wp:term":[{"taxonomy":"product_brand","embeddable":true,"href":"https:\/\/www.santeksmakine.com\/ru\/wp-json\/wp\/v2\/product_brand?post=4783"},{"taxonomy":"product_cat","embeddable":true,"href":"https:\/\/www.santeksmakine.com\/ru\/wp-json\/wp\/v2\/product_cat?post=4783"},{"taxonomy":"product_tag","embeddable":true,"href":"https:\/\/www.santeksmakine.com\/ru\/wp-json\/wp\/v2\/product_tag?post=4783"}],"curies":[{"name":"wp","href":"https:\/\/api.w.org\/{rel}","templated":true}]}}