{"id":4799,"date":"2020-05-06T10:52:46","date_gmt":"2020-05-06T10:52:46","guid":{"rendered":"https:\/\/www.santeksmakine.com\/?post_type=product&#038;p=4799"},"modified":"2024-09-30T10:37:12","modified_gmt":"2024-09-30T07:37:12","slug":"cuval-agzi-dikis-makinasi-motoru-220-v-90-w-9600-devir","status":"publish","type":"product","link":"https:\/\/www.santeksmakine.com\/ru\/product\/cuval-agzi-dikis-makinasi-motoru-220-v-90-w-9600-devir\/","title":{"rendered":"\u00c7uval A\u011fz\u0131 Diki\u015f Makinas\u0131 Motoru (220 V &#8211; 90 W) (9600 Devir)"},"content":{"rendered":"<div class=\"wpb-content-wrapper\"><p>[vc_row][vc_column][vc_column_text]\u00dcR\u00dcN \u00d6ZELL\u0130KLER\u0130<\/p>\n<table>\n<tbody>\n<tr>\n<th>\u00c7al\u0131\u015fma Gerilimi<\/th>\n<td>220 V<\/td>\n<\/tr>\n<tr>\n<th>\u00c7al\u0131\u015fma G\u00fcc\u00fc<\/th>\n<td>90 W<\/td>\n<\/tr>\n<tr>\n<th>\u00c7al\u0131\u015fma Frekans\u0131<\/th>\n<td>50 \/ 60 Hz<\/td>\n<\/tr>\n<tr>\n<th>H\u0131z<\/th>\n<td>1100 RPM \/ 1050 RPM<\/td>\n<\/tr>\n<\/tbody>\n<\/table>\n<p>\u00c7uval A\u011fz\u0131 Diki\u015f Makinesi Motoru: Makina Motor, \u00c7uval A\u011fz\u0131 Dikme Makinas\u0131 Yedek Par\u00e7a[\/vc_column_text][\/vc_column][\/vc_row]<\/p>\n<\/div>","protected":false},"excerpt":{"rendered":"<p>[vc_row][vc_column][vc_column_text]\u00dcR\u00dcN \u00d6ZELL\u0130KLER\u0130 \u00c7al\u0131\u015fma Gerilimi 220 V \u00c7al\u0131\u015fma G\u00fcc\u00fc 90 W \u00c7al\u0131\u015fma Frekans\u0131 50 \/ 60 Hz H\u0131z 1100 RPM \/ 1050 RPM \u00c7uval A\u011fz\u0131 Diki\u015f Makinesi Motoru: Makina Motor, \u00c7uval A\u011fz\u0131 Dikme Makinas\u0131 Yedek Par\u00e7a[\/vc_column_text][\/vc_column][\/vc_row]<\/p>\n","protected":false},"featured_media":4800,"comment_status":"closed","ping_status":"closed","template":"","meta":{"_joinchat":[]},"product_brand":[],"product_cat":[1649,1646],"product_tag":[2577,2621,2622],"class_list":{"0":"post-4799","1":"product","2":"type-product","3":"status-publish","4":"has-post-thumbnail","6":"product_cat-cuval-agzi-dikis","7":"product_cat-diger-makineler","8":"product_tag-cuval-agzi","9":"product_tag-cuval-agzi-dikis","10":"product_tag-cuval-agzi-dikis-makinesi","13":"instock","14":"taxable","15":"shipping-taxable","16":"purchasable","17":"product-type-simple"},"_links":{"self":[{"href":"https:\/\/www.santeksmakine.com\/ru\/wp-json\/wp\/v2\/product\/4799","targetHints":{"allow":["GET"]}}],"collection":[{"href":"https:\/\/www.santeksmakine.com\/ru\/wp-json\/wp\/v2\/product"}],"about":[{"href":"https:\/\/www.santeksmakine.com\/ru\/wp-json\/wp\/v2\/types\/product"}],"replies":[{"embeddable":true,"href":"https:\/\/www.santeksmakine.com\/ru\/wp-json\/wp\/v2\/comments?post=4799"}],"wp:featuredmedia":[{"embeddable":true,"href":"https:\/\/www.santeksmakine.com\/ru\/wp-json\/wp\/v2\/media\/4800"}],"wp:attachment":[{"href":"https:\/\/www.santeksmakine.com\/ru\/wp-json\/wp\/v2\/media?parent=4799"}],"wp:term":[{"taxonomy":"product_brand","embeddable":true,"href":"https:\/\/www.santeksmakine.com\/ru\/wp-json\/wp\/v2\/product_brand?post=4799"},{"taxonomy":"product_cat","embeddable":true,"href":"https:\/\/www.santeksmakine.com\/ru\/wp-json\/wp\/v2\/product_cat?post=4799"},{"taxonomy":"product_tag","embeddable":true,"href":"https:\/\/www.santeksmakine.com\/ru\/wp-json\/wp\/v2\/product_tag?post=4799"}],"curies":[{"name":"wp","href":"https:\/\/api.w.org\/{rel}","templated":true}]}}