{"id":4990,"date":"2020-05-08T11:58:38","date_gmt":"2020-05-08T11:58:38","guid":{"rendered":"https:\/\/www.santeksmakine.com\/?post_type=product&#038;p=4990"},"modified":"2024-09-30T10:37:20","modified_gmt":"2024-09-30T07:37:20","slug":"12481-r-duz-makine-dislisi-plastik-yan-sanayi","status":"publish","type":"product","link":"https:\/\/www.santeksmakine.com\/ru\/product\/12481-r-duz-makine-dislisi-plastik-yan-sanayi\/","title":{"rendered":"12481-R D\u00fcz Makine Di\u015flisi (Plastik) (Yan Sanayi)"},"content":{"rendered":"<p><\/p>\n","protected":false},"excerpt":{"rendered":"<p>12481-R D\u00fcz Makine Di\u015flisi (Plastik) (Yan Sanayi)<br \/>\nB\u00fct\u00fcn Sanayi Tipi D\u00fcz Diki\u015f Makinelerine Uyumludur.<\/p>\n","protected":false},"featured_media":4991,"comment_status":"closed","ping_status":"closed","template":"","meta":{"_joinchat":[]},"product_brand":[],"product_cat":[1632,1628,29],"product_tag":[],"class_list":{"0":"post-4990","1":"product","2":"type-product","3":"status-publish","4":"has-post-thumbnail","6":"product_cat-cesitli-parcalar","7":"product_cat-makine-parcalari","8":"product_cat-yedek-parca","11":"instock","12":"taxable","13":"shipping-taxable","14":"purchasable","15":"product-type-simple"},"_links":{"self":[{"href":"https:\/\/www.santeksmakine.com\/ru\/wp-json\/wp\/v2\/product\/4990","targetHints":{"allow":["GET"]}}],"collection":[{"href":"https:\/\/www.santeksmakine.com\/ru\/wp-json\/wp\/v2\/product"}],"about":[{"href":"https:\/\/www.santeksmakine.com\/ru\/wp-json\/wp\/v2\/types\/product"}],"replies":[{"embeddable":true,"href":"https:\/\/www.santeksmakine.com\/ru\/wp-json\/wp\/v2\/comments?post=4990"}],"wp:featuredmedia":[{"embeddable":true,"href":"https:\/\/www.santeksmakine.com\/ru\/wp-json\/wp\/v2\/media\/4991"}],"wp:attachment":[{"href":"https:\/\/www.santeksmakine.com\/ru\/wp-json\/wp\/v2\/media?parent=4990"}],"wp:term":[{"taxonomy":"product_brand","embeddable":true,"href":"https:\/\/www.santeksmakine.com\/ru\/wp-json\/wp\/v2\/product_brand?post=4990"},{"taxonomy":"product_cat","embeddable":true,"href":"https:\/\/www.santeksmakine.com\/ru\/wp-json\/wp\/v2\/product_cat?post=4990"},{"taxonomy":"product_tag","embeddable":true,"href":"https:\/\/www.santeksmakine.com\/ru\/wp-json\/wp\/v2\/product_tag?post=4990"}],"curies":[{"name":"wp","href":"https:\/\/api.w.org\/{rel}","templated":true}]}}