{"id":5030,"date":"2020-05-08T12:17:42","date_gmt":"2020-05-08T12:17:42","guid":{"rendered":"https:\/\/www.santeksmakine.com\/?post_type=product&#038;p=5030"},"modified":"2024-09-30T10:37:21","modified_gmt":"2024-09-30T07:37:21","slug":"hirose-hook-hsh-7-94btr-elektronik-duz-makine-caganozu-orjinal","status":"publish","type":"product","link":"https:\/\/www.santeksmakine.com\/ru\/product\/hirose-hook-hsh-7-94btr-elektronik-duz-makine-caganozu-orjinal\/","title":{"rendered":"Hirose Hook HSH-7.94BTR Elektronik D\u00fcz Makine \u00c7a\u011fanozu (Orjinal)"},"content":{"rendered":"<p><\/p>\n","protected":false},"excerpt":{"rendered":"<p>Hirose Hook HSH-7.94BTR Elektronik D\u00fcz Makine \u00c7a\u011fanozu (Orjinal), B\u00fct\u00fcn Sanayi Tipi Elektronik D\u00fcz Diki\u015f Makinelerine Uyumludur.<\/p>\n","protected":false},"featured_media":5031,"comment_status":"closed","ping_status":"closed","template":"","meta":{"_joinchat":[]},"product_brand":[],"product_cat":[1632,1628,29],"product_tag":[],"class_list":{"0":"post-5030","1":"product","2":"type-product","3":"status-publish","4":"has-post-thumbnail","6":"product_cat-cesitli-parcalar","7":"product_cat-makine-parcalari","8":"product_cat-yedek-parca","11":"instock","12":"taxable","13":"shipping-taxable","14":"purchasable","15":"product-type-simple"},"_links":{"self":[{"href":"https:\/\/www.santeksmakine.com\/ru\/wp-json\/wp\/v2\/product\/5030","targetHints":{"allow":["GET"]}}],"collection":[{"href":"https:\/\/www.santeksmakine.com\/ru\/wp-json\/wp\/v2\/product"}],"about":[{"href":"https:\/\/www.santeksmakine.com\/ru\/wp-json\/wp\/v2\/types\/product"}],"replies":[{"embeddable":true,"href":"https:\/\/www.santeksmakine.com\/ru\/wp-json\/wp\/v2\/comments?post=5030"}],"wp:featuredmedia":[{"embeddable":true,"href":"https:\/\/www.santeksmakine.com\/ru\/wp-json\/wp\/v2\/media\/5031"}],"wp:attachment":[{"href":"https:\/\/www.santeksmakine.com\/ru\/wp-json\/wp\/v2\/media?parent=5030"}],"wp:term":[{"taxonomy":"product_brand","embeddable":true,"href":"https:\/\/www.santeksmakine.com\/ru\/wp-json\/wp\/v2\/product_brand?post=5030"},{"taxonomy":"product_cat","embeddable":true,"href":"https:\/\/www.santeksmakine.com\/ru\/wp-json\/wp\/v2\/product_cat?post=5030"},{"taxonomy":"product_tag","embeddable":true,"href":"https:\/\/www.santeksmakine.com\/ru\/wp-json\/wp\/v2\/product_tag?post=5030"}],"curies":[{"name":"wp","href":"https:\/\/api.w.org\/{rel}","templated":true}]}}