{"id":5090,"date":"2020-05-08T13:24:21","date_gmt":"2020-05-08T13:24:21","guid":{"rendered":"https:\/\/www.santeksmakine.com\/?post_type=product&#038;p=5090"},"modified":"2024-09-30T10:37:22","modified_gmt":"2024-09-30T07:37:22","slug":"juki-113-51509-igne-transportlu-duz-makine-sabit-bicak","status":"publish","type":"product","link":"https:\/\/www.santeksmakine.com\/ru\/product\/juki-113-51509-igne-transportlu-duz-makine-sabit-bicak\/","title":{"rendered":"Juki 113-51509 \u0130\u011fne Transportlu D\u00fcz Makine Sabit B\u0131\u00e7ak"},"content":{"rendered":"<p><\/p>\n","protected":false},"excerpt":{"rendered":"<p>Juki 113-51509 \u0130\u011fne Transportlu D\u00fcz Makine Sabit B\u0131\u00e7ak (Juki 5420-6) (1.Kalite), Juki 5420-6 \u0130\u011fne Transportlu D\u00fcz Diki\u015f Makinelerine Uyumludur.<\/p>\n","protected":false},"featured_media":5091,"comment_status":"closed","ping_status":"closed","template":"","meta":{"_joinchat":[]},"product_brand":[],"product_cat":[1632,1628,29],"product_tag":[],"class_list":{"0":"post-5090","1":"product","2":"type-product","3":"status-publish","4":"has-post-thumbnail","6":"product_cat-cesitli-parcalar","7":"product_cat-makine-parcalari","8":"product_cat-yedek-parca","11":"instock","12":"taxable","13":"shipping-taxable","14":"purchasable","15":"product-type-simple"},"_links":{"self":[{"href":"https:\/\/www.santeksmakine.com\/ru\/wp-json\/wp\/v2\/product\/5090","targetHints":{"allow":["GET"]}}],"collection":[{"href":"https:\/\/www.santeksmakine.com\/ru\/wp-json\/wp\/v2\/product"}],"about":[{"href":"https:\/\/www.santeksmakine.com\/ru\/wp-json\/wp\/v2\/types\/product"}],"replies":[{"embeddable":true,"href":"https:\/\/www.santeksmakine.com\/ru\/wp-json\/wp\/v2\/comments?post=5090"}],"wp:featuredmedia":[{"embeddable":true,"href":"https:\/\/www.santeksmakine.com\/ru\/wp-json\/wp\/v2\/media\/5091"}],"wp:attachment":[{"href":"https:\/\/www.santeksmakine.com\/ru\/wp-json\/wp\/v2\/media?parent=5090"}],"wp:term":[{"taxonomy":"product_brand","embeddable":true,"href":"https:\/\/www.santeksmakine.com\/ru\/wp-json\/wp\/v2\/product_brand?post=5090"},{"taxonomy":"product_cat","embeddable":true,"href":"https:\/\/www.santeksmakine.com\/ru\/wp-json\/wp\/v2\/product_cat?post=5090"},{"taxonomy":"product_tag","embeddable":true,"href":"https:\/\/www.santeksmakine.com\/ru\/wp-json\/wp\/v2\/product_tag?post=5090"}],"curies":[{"name":"wp","href":"https:\/\/api.w.org\/{rel}","templated":true}]}}