{"id":5100,"date":"2020-05-08T13:31:36","date_gmt":"2020-05-08T13:31:36","guid":{"rendered":"https:\/\/www.santeksmakine.com\/?post_type=product&#038;p=5100"},"modified":"2024-09-30T10:37:22","modified_gmt":"2024-09-30T07:37:22","slug":"siruba-114-09257-kot-tipi-elektronik-duz-makine-hareketli-bicak","status":"publish","type":"product","link":"https:\/\/www.santeksmakine.com\/ru\/product\/siruba-114-09257-kot-tipi-elektronik-duz-makine-hareketli-bicak\/","title":{"rendered":"Siruba 114-09257 Kot Tipi Elektronik D\u00fcz Makine Hareketli B\u0131\u00e7ak"},"content":{"rendered":"<p><\/p>\n","protected":false},"excerpt":{"rendered":"<p>Siruba 114-09257 Kot Tipi Elektronik D\u00fcz Makine Hareketli B\u0131\u00e7ak (1.Kalite), Siruba Kot Tipi Elektronik D\u00fcz Diki\u015f Makinelerine Uyumludur.<\/p>\n","protected":false},"featured_media":5101,"comment_status":"closed","ping_status":"closed","template":"","meta":{"_joinchat":[]},"product_brand":[],"product_cat":[1632,1628,29],"product_tag":[],"class_list":{"0":"post-5100","1":"product","2":"type-product","3":"status-publish","4":"has-post-thumbnail","6":"product_cat-cesitli-parcalar","7":"product_cat-makine-parcalari","8":"product_cat-yedek-parca","11":"instock","12":"taxable","13":"shipping-taxable","14":"purchasable","15":"product-type-simple"},"_links":{"self":[{"href":"https:\/\/www.santeksmakine.com\/ru\/wp-json\/wp\/v2\/product\/5100","targetHints":{"allow":["GET"]}}],"collection":[{"href":"https:\/\/www.santeksmakine.com\/ru\/wp-json\/wp\/v2\/product"}],"about":[{"href":"https:\/\/www.santeksmakine.com\/ru\/wp-json\/wp\/v2\/types\/product"}],"replies":[{"embeddable":true,"href":"https:\/\/www.santeksmakine.com\/ru\/wp-json\/wp\/v2\/comments?post=5100"}],"wp:featuredmedia":[{"embeddable":true,"href":"https:\/\/www.santeksmakine.com\/ru\/wp-json\/wp\/v2\/media\/5101"}],"wp:attachment":[{"href":"https:\/\/www.santeksmakine.com\/ru\/wp-json\/wp\/v2\/media?parent=5100"}],"wp:term":[{"taxonomy":"product_brand","embeddable":true,"href":"https:\/\/www.santeksmakine.com\/ru\/wp-json\/wp\/v2\/product_brand?post=5100"},{"taxonomy":"product_cat","embeddable":true,"href":"https:\/\/www.santeksmakine.com\/ru\/wp-json\/wp\/v2\/product_cat?post=5100"},{"taxonomy":"product_tag","embeddable":true,"href":"https:\/\/www.santeksmakine.com\/ru\/wp-json\/wp\/v2\/product_tag?post=5100"}],"curies":[{"name":"wp","href":"https:\/\/api.w.org\/{rel}","templated":true}]}}