{"id":5242,"date":"2020-05-12T13:21:22","date_gmt":"2020-05-12T13:21:22","guid":{"rendered":"https:\/\/www.santeksmakine.com\/?post_type=product&#038;p=5242"},"modified":"2024-09-30T10:37:29","modified_gmt":"2024-09-30T07:37:29","slug":"yuki-208504-5-iplik-overlok-ayagi-8-mm-yan-sanayi","status":"publish","type":"product","link":"https:\/\/www.santeksmakine.com\/ru\/product\/yuki-208504-5-iplik-overlok-ayagi-8-mm-yan-sanayi\/","title":{"rendered":"Yuki 208504 5 \u0130plik Overlok Aya\u011f\u0131 (8 mm) (Yan Sanayi)"},"content":{"rendered":"<div class=\"wpb-content-wrapper\"><p>[vc_row][vc_column][vc_column_text]Yuki 208504 5 \u0130plik Overlok Aya\u011f\u0131 (8 mm) (Yan Sanayi)<\/p>\n<p>Yuki 5 \u0130plik Overlok Makinelerine Uyumludur.[\/vc_column_text][\/vc_column][\/vc_row]<\/p>\n<\/div>","protected":false},"excerpt":{"rendered":"<p>Yuki 208504 5 \u0130plik Overlok Aya\u011f\u0131 (8 mm) (Yan Sanayi), Yuki 5 \u0130plik Overlok Makinelerine Uyumludur.<\/p>\n","protected":false},"featured_media":5243,"comment_status":"closed","ping_status":"closed","template":"","meta":{"_joinchat":[]},"product_brand":[],"product_cat":[1632,1628,29],"product_tag":[],"class_list":{"0":"post-5242","1":"product","2":"type-product","3":"status-publish","4":"has-post-thumbnail","6":"product_cat-cesitli-parcalar","7":"product_cat-makine-parcalari","8":"product_cat-yedek-parca","11":"instock","12":"taxable","13":"shipping-taxable","14":"purchasable","15":"product-type-simple"},"_links":{"self":[{"href":"https:\/\/www.santeksmakine.com\/ru\/wp-json\/wp\/v2\/product\/5242","targetHints":{"allow":["GET"]}}],"collection":[{"href":"https:\/\/www.santeksmakine.com\/ru\/wp-json\/wp\/v2\/product"}],"about":[{"href":"https:\/\/www.santeksmakine.com\/ru\/wp-json\/wp\/v2\/types\/product"}],"replies":[{"embeddable":true,"href":"https:\/\/www.santeksmakine.com\/ru\/wp-json\/wp\/v2\/comments?post=5242"}],"wp:featuredmedia":[{"embeddable":true,"href":"https:\/\/www.santeksmakine.com\/ru\/wp-json\/wp\/v2\/media\/5243"}],"wp:attachment":[{"href":"https:\/\/www.santeksmakine.com\/ru\/wp-json\/wp\/v2\/media?parent=5242"}],"wp:term":[{"taxonomy":"product_brand","embeddable":true,"href":"https:\/\/www.santeksmakine.com\/ru\/wp-json\/wp\/v2\/product_brand?post=5242"},{"taxonomy":"product_cat","embeddable":true,"href":"https:\/\/www.santeksmakine.com\/ru\/wp-json\/wp\/v2\/product_cat?post=5242"},{"taxonomy":"product_tag","embeddable":true,"href":"https:\/\/www.santeksmakine.com\/ru\/wp-json\/wp\/v2\/product_tag?post=5242"}],"curies":[{"name":"wp","href":"https:\/\/api.w.org\/{rel}","templated":true}]}}