{"id":5334,"date":"2020-05-14T11:51:23","date_gmt":"2020-05-14T08:51:23","guid":{"rendered":"https:\/\/www.santeksmakine.com\/?post_type=product&#038;p=5334"},"modified":"2024-09-30T10:37:34","modified_gmt":"2024-09-30T07:37:34","slug":"brother-148013-001-500-serisi-5-iplik-kot-overlok-ayagi","status":"publish","type":"product","link":"https:\/\/www.santeksmakine.com\/ru\/product\/brother-148013-001-500-serisi-5-iplik-kot-overlok-ayagi\/","title":{"rendered":"Brother 148013-001 (500 Serisi) 5 \u0130plik Kot Overlok Aya\u011f\u0131"},"content":{"rendered":"<div class=\"wpb-content-wrapper\"><p>[vc_row][vc_column][vc_column_text]Brother 148013-001 (500 Serisi) 5 \u0130plik Kot Overlok Aya\u011f\u0131 (Yan Sanayi)<\/p>\n<p>Brother 500 Serisi 5 \u0130plik Kot Overlok Makinelerine Uyumludur.[\/vc_column_text][\/vc_column][\/vc_row]<\/p>\n<\/div>","protected":false},"excerpt":{"rendered":"<p>Brother 148013-001 (500 Serisi) 5 \u0130plik Kot Overlok Aya\u011f\u0131 (Yan Sanayi), Brother 500 Serisi 5 \u0130plik Kot Overlok Makinelerine Uyumludur.<\/p>\n","protected":false},"featured_media":5335,"comment_status":"closed","ping_status":"closed","template":"","meta":{"_joinchat":[]},"product_brand":[],"product_cat":[1632,1628,29],"product_tag":[3910,3908,3907,3900,3909],"class_list":{"0":"post-5334","1":"product","2":"type-product","3":"status-publish","4":"has-post-thumbnail","6":"product_cat-cesitli-parcalar","7":"product_cat-makine-parcalari","8":"product_cat-yedek-parca","9":"product_tag-3910","10":"product_tag-5-iplik","11":"product_tag-5-iplik-kot-overlok-ayagi","12":"product_tag-brother","13":"product_tag-kot-overlok-ayagi","14":"yith_product_brand-brother","17":"instock","18":"taxable","19":"shipping-taxable","20":"purchasable","21":"product-type-simple"},"_links":{"self":[{"href":"https:\/\/www.santeksmakine.com\/ru\/wp-json\/wp\/v2\/product\/5334","targetHints":{"allow":["GET"]}}],"collection":[{"href":"https:\/\/www.santeksmakine.com\/ru\/wp-json\/wp\/v2\/product"}],"about":[{"href":"https:\/\/www.santeksmakine.com\/ru\/wp-json\/wp\/v2\/types\/product"}],"replies":[{"embeddable":true,"href":"https:\/\/www.santeksmakine.com\/ru\/wp-json\/wp\/v2\/comments?post=5334"}],"wp:featuredmedia":[{"embeddable":true,"href":"https:\/\/www.santeksmakine.com\/ru\/wp-json\/wp\/v2\/media\/5335"}],"wp:attachment":[{"href":"https:\/\/www.santeksmakine.com\/ru\/wp-json\/wp\/v2\/media?parent=5334"}],"wp:term":[{"taxonomy":"product_brand","embeddable":true,"href":"https:\/\/www.santeksmakine.com\/ru\/wp-json\/wp\/v2\/product_brand?post=5334"},{"taxonomy":"product_cat","embeddable":true,"href":"https:\/\/www.santeksmakine.com\/ru\/wp-json\/wp\/v2\/product_cat?post=5334"},{"taxonomy":"product_tag","embeddable":true,"href":"https:\/\/www.santeksmakine.com\/ru\/wp-json\/wp\/v2\/product_tag?post=5334"}],"curies":[{"name":"wp","href":"https:\/\/api.w.org\/{rel}","templated":true}]}}