{"id":5353,"date":"2020-05-14T12:27:25","date_gmt":"2020-05-14T12:27:25","guid":{"rendered":"https:\/\/www.santeksmakine.com\/?post_type=product&#038;p=5353"},"modified":"2024-09-30T10:37:35","modified_gmt":"2024-09-30T07:37:35","slug":"brother-p504-n-serisi-5-iplik-penye-overlok-ayagi-yan-sanayi","status":"publish","type":"product","link":"https:\/\/www.santeksmakine.com\/ru\/product\/brother-p504-n-serisi-5-iplik-penye-overlok-ayagi-yan-sanayi\/","title":{"rendered":"Brother P504 (N Serisi) 5 \u0130plik Penye Overlok Aya\u011f\u0131 (Yan Sanayi)"},"content":{"rendered":"<div class=\"wpb-content-wrapper\"><p>[vc_row][vc_column][vc_column_text]Brother P504 (N Serisi) 5 \u0130plik Penye Overlok Aya\u011f\u0131 (Yan Sanayi)<\/p>\n<p>Brother N Serisi 5 \u0130plik Penye Overlok Makinelerine Uyumludur.[\/vc_column_text][\/vc_column][\/vc_row]<\/p>\n<\/div>","protected":false},"excerpt":{"rendered":"<p>Brother P504 (N Serisi) 5 \u0130plik Penye Overlok Aya\u011f\u0131 (Yan Sanayi), Brother N Serisi 5 \u0130plik Penye Overlok Makinelerine Uyumludur.<\/p>\n","protected":false},"featured_media":5354,"comment_status":"closed","ping_status":"closed","template":"","meta":{"_joinchat":[]},"product_brand":[],"product_cat":[1632,1628,29],"product_tag":[],"class_list":{"0":"post-5353","1":"product","2":"type-product","3":"status-publish","4":"has-post-thumbnail","6":"product_cat-cesitli-parcalar","7":"product_cat-makine-parcalari","8":"product_cat-yedek-parca","11":"instock","12":"taxable","13":"shipping-taxable","14":"purchasable","15":"product-type-simple"},"_links":{"self":[{"href":"https:\/\/www.santeksmakine.com\/ru\/wp-json\/wp\/v2\/product\/5353","targetHints":{"allow":["GET"]}}],"collection":[{"href":"https:\/\/www.santeksmakine.com\/ru\/wp-json\/wp\/v2\/product"}],"about":[{"href":"https:\/\/www.santeksmakine.com\/ru\/wp-json\/wp\/v2\/types\/product"}],"replies":[{"embeddable":true,"href":"https:\/\/www.santeksmakine.com\/ru\/wp-json\/wp\/v2\/comments?post=5353"}],"wp:featuredmedia":[{"embeddable":true,"href":"https:\/\/www.santeksmakine.com\/ru\/wp-json\/wp\/v2\/media\/5354"}],"wp:attachment":[{"href":"https:\/\/www.santeksmakine.com\/ru\/wp-json\/wp\/v2\/media?parent=5353"}],"wp:term":[{"taxonomy":"product_brand","embeddable":true,"href":"https:\/\/www.santeksmakine.com\/ru\/wp-json\/wp\/v2\/product_brand?post=5353"},{"taxonomy":"product_cat","embeddable":true,"href":"https:\/\/www.santeksmakine.com\/ru\/wp-json\/wp\/v2\/product_cat?post=5353"},{"taxonomy":"product_tag","embeddable":true,"href":"https:\/\/www.santeksmakine.com\/ru\/wp-json\/wp\/v2\/product_tag?post=5353"}],"curies":[{"name":"wp","href":"https:\/\/api.w.org\/{rel}","templated":true}]}}