{"id":853,"date":"2019-07-17T14:01:00","date_gmt":"2019-07-17T14:01:00","guid":{"rendered":"https:\/\/www.santeksmakine.com\/?post_type=product&#038;p=853"},"modified":"2024-09-30T10:36:14","modified_gmt":"2024-09-30T07:36:14","slug":"yari-otomatik-bobin-sarici-bakir-paslanmaz-celik-kalay-bakir-tel","status":"publish","type":"product","link":"https:\/\/www.santeksmakine.com\/ru\/product\/yari-otomatik-bobin-sarici-bakir-paslanmaz-celik-kalay-bakir-tel\/","title":{"rendered":"Yar\u0131 Otomatik Bobin Sar\u0131c\u0131 &#8211; Bak\u0131r, Paslanmaz \u00c7elik, Kalay Bak\u0131r Tel"},"content":{"rendered":"","protected":false},"excerpt":{"rendered":"","protected":false},"featured_media":854,"comment_status":"closed","ping_status":"closed","template":"","meta":{"_joinchat":[]},"product_brand":[],"product_cat":[15],"product_tag":[1316,1315,1314],"class_list":{"0":"post-853","1":"product","2":"type-product","3":"status-publish","4":"has-post-thumbnail","6":"product_cat-makineler","7":"product_tag-bobin-sarici","8":"product_tag-otomatik-bobin-sarici","9":"product_tag-yari-otomatik-bobin-sarici","12":"instock","13":"taxable","14":"shipping-taxable","15":"purchasable","16":"product-type-simple"},"_links":{"self":[{"href":"https:\/\/www.santeksmakine.com\/ru\/wp-json\/wp\/v2\/product\/853","targetHints":{"allow":["GET"]}}],"collection":[{"href":"https:\/\/www.santeksmakine.com\/ru\/wp-json\/wp\/v2\/product"}],"about":[{"href":"https:\/\/www.santeksmakine.com\/ru\/wp-json\/wp\/v2\/types\/product"}],"replies":[{"embeddable":true,"href":"https:\/\/www.santeksmakine.com\/ru\/wp-json\/wp\/v2\/comments?post=853"}],"wp:featuredmedia":[{"embeddable":true,"href":"https:\/\/www.santeksmakine.com\/ru\/wp-json\/wp\/v2\/media\/854"}],"wp:attachment":[{"href":"https:\/\/www.santeksmakine.com\/ru\/wp-json\/wp\/v2\/media?parent=853"}],"wp:term":[{"taxonomy":"product_brand","embeddable":true,"href":"https:\/\/www.santeksmakine.com\/ru\/wp-json\/wp\/v2\/product_brand?post=853"},{"taxonomy":"product_cat","embeddable":true,"href":"https:\/\/www.santeksmakine.com\/ru\/wp-json\/wp\/v2\/product_cat?post=853"},{"taxonomy":"product_tag","embeddable":true,"href":"https:\/\/www.santeksmakine.com\/ru\/wp-json\/wp\/v2\/product_tag?post=853"}],"curies":[{"name":"wp","href":"https:\/\/api.w.org\/{rel}","templated":true}]}}