{"id":977,"date":"2019-07-24T11:19:51","date_gmt":"2019-07-24T11:19:51","guid":{"rendered":"https:\/\/www.santeksmakine.com\/?post_type=product&#038;p=977"},"modified":"2024-09-30T10:36:19","modified_gmt":"2024-09-30T07:36:19","slug":"duz-riga-cetvel","status":"publish","type":"product","link":"https:\/\/www.santeksmakine.com\/ru\/product\/duz-riga-cetvel\/","title":{"rendered":"D\u00fcz Riga Cetvel"},"content":{"rendered":"<p>Elbisede Kol Kavisi \u00c7izim Rigas\u0131<br \/>\nD\u00fcz Riga: Kol Kavis \u00c7izimi<br \/>\nTahta Cetvel Riga, Konfeksiyon Tekstil Terzi Cetvel Riga Tak\u0131m\u0131<\/p>\n<p>Modelhane Malzemeleri Cetvel \u00c7e\u015fitleri<br \/>\nSabit Riga Tak\u0131mlar\u0131 ve Ekipmanlar\u0131, Kesim \u00c7izim Malzemeleri<\/p>\n","protected":false},"excerpt":{"rendered":"<p>Elbisede Kol Kavisi \u00c7izim Rigas\u0131 D\u00fcz Riga: Kol Kavis \u00c7izimi Tahta Cetvel Riga, Konfeksiyon Tekstil Terzi Cetvel Riga Tak\u0131m\u0131 Modelhane Malzemeleri Cetvel \u00c7e\u015fitleri Sabit Riga Tak\u0131mlar\u0131 ve Ekipmanlar\u0131, Kesim \u00c7izim Malzemeleri<\/p>\n","protected":false},"featured_media":978,"comment_status":"closed","ping_status":"closed","template":"","meta":{"_joinchat":[]},"product_brand":[],"product_cat":[1674,1673,1672],"product_tag":[1719,1720,1718,1721,1722],"class_list":{"0":"post-977","1":"product","2":"type-product","3":"status-publish","4":"has-post-thumbnail","6":"product_cat-cetvel-riga-takimlari","7":"product_cat-dikis-aksesuarlari","8":"product_cat-dikis-urunleri","9":"product_tag-cetvel","10":"product_tag-duz-riga","11":"product_tag-duz-riga-cetvel","12":"product_tag-riga","13":"product_tag-riga-cetvet","16":"instock","17":"taxable","18":"shipping-taxable","19":"purchasable","20":"product-type-simple"},"_links":{"self":[{"href":"https:\/\/www.santeksmakine.com\/ru\/wp-json\/wp\/v2\/product\/977","targetHints":{"allow":["GET"]}}],"collection":[{"href":"https:\/\/www.santeksmakine.com\/ru\/wp-json\/wp\/v2\/product"}],"about":[{"href":"https:\/\/www.santeksmakine.com\/ru\/wp-json\/wp\/v2\/types\/product"}],"replies":[{"embeddable":true,"href":"https:\/\/www.santeksmakine.com\/ru\/wp-json\/wp\/v2\/comments?post=977"}],"wp:featuredmedia":[{"embeddable":true,"href":"https:\/\/www.santeksmakine.com\/ru\/wp-json\/wp\/v2\/media\/978"}],"wp:attachment":[{"href":"https:\/\/www.santeksmakine.com\/ru\/wp-json\/wp\/v2\/media?parent=977"}],"wp:term":[{"taxonomy":"product_brand","embeddable":true,"href":"https:\/\/www.santeksmakine.com\/ru\/wp-json\/wp\/v2\/product_brand?post=977"},{"taxonomy":"product_cat","embeddable":true,"href":"https:\/\/www.santeksmakine.com\/ru\/wp-json\/wp\/v2\/product_cat?post=977"},{"taxonomy":"product_tag","embeddable":true,"href":"https:\/\/www.santeksmakine.com\/ru\/wp-json\/wp\/v2\/product_tag?post=977"}],"curies":[{"name":"wp","href":"https:\/\/api.w.org\/{rel}","templated":true}]}}