{"id":989,"date":"2019-07-24T11:52:06","date_gmt":"2019-07-24T11:52:06","guid":{"rendered":"https:\/\/www.santeksmakine.com\/?post_type=product&#038;p=989"},"modified":"2024-09-30T10:36:19","modified_gmt":"2024-09-30T07:36:19","slug":"egri-riga-cetvel","status":"publish","type":"product","link":"https:\/\/www.santeksmakine.com\/ru\/product\/egri-riga-cetvel\/","title":{"rendered":"E\u011fri Riga Cetvel"},"content":{"rendered":"<p>K\u0131yafetteki Kavislerin \u00c7iziminde \u0130deal Terzi R\u0130gas\u0131<br \/>\nE\u011fri Riga: Takma Yaka Bel Kavisi Yan Diki\u015f \u00c7izimi<br \/>\nE\u011fri Riga Tahta Cetvel Fiyatlar\u0131<\/p>\n<p>Takma Yakalar\u0131n Bel Yan Diki\u015f Etek Pantolon Kavislerinde Kullan\u0131l\u0131r<br \/>\nKonfeksiyon Tekstil Terzi \u00c7izim Ara\u00e7lar\u0131 ve Gere\u00e7leri, Riga Cetvel Tak\u0131m\u0131<\/p>\n","protected":false},"excerpt":{"rendered":"<p>K\u0131yafetteki Kavislerin \u00c7iziminde \u0130deal Terzi R\u0130gas\u0131 E\u011fri Riga: Takma Yaka Bel Kavisi Yan Diki\u015f \u00c7izimi E\u011fri Riga Tahta Cetvel Fiyatlar\u0131 Takma Yakalar\u0131n Bel Yan Diki\u015f Etek Pantolon Kavislerinde Kullan\u0131l\u0131r Konfeksiyon Tekstil Terzi \u00c7izim Ara\u00e7lar\u0131 ve Gere\u00e7leri, Riga Cetvel Tak\u0131m\u0131<\/p>\n","protected":false},"featured_media":990,"comment_status":"closed","ping_status":"closed","template":"","meta":{"_joinchat":[]},"product_brand":[],"product_cat":[1674,1673,1672],"product_tag":[1726,1728,1727,1721,1729],"class_list":{"0":"post-989","1":"product","2":"type-product","3":"status-publish","4":"has-post-thumbnail","6":"product_cat-cetvel-riga-takimlari","7":"product_cat-dikis-aksesuarlari","8":"product_cat-dikis-urunleri","9":"product_tag-cetvet","10":"product_tag-egri-riga","11":"product_tag-egri-riga-cetvel","12":"product_tag-riga","13":"product_tag-riga-cetvel","16":"instock","17":"taxable","18":"shipping-taxable","19":"purchasable","20":"product-type-simple"},"_links":{"self":[{"href":"https:\/\/www.santeksmakine.com\/ru\/wp-json\/wp\/v2\/product\/989","targetHints":{"allow":["GET"]}}],"collection":[{"href":"https:\/\/www.santeksmakine.com\/ru\/wp-json\/wp\/v2\/product"}],"about":[{"href":"https:\/\/www.santeksmakine.com\/ru\/wp-json\/wp\/v2\/types\/product"}],"replies":[{"embeddable":true,"href":"https:\/\/www.santeksmakine.com\/ru\/wp-json\/wp\/v2\/comments?post=989"}],"wp:featuredmedia":[{"embeddable":true,"href":"https:\/\/www.santeksmakine.com\/ru\/wp-json\/wp\/v2\/media\/990"}],"wp:attachment":[{"href":"https:\/\/www.santeksmakine.com\/ru\/wp-json\/wp\/v2\/media?parent=989"}],"wp:term":[{"taxonomy":"product_brand","embeddable":true,"href":"https:\/\/www.santeksmakine.com\/ru\/wp-json\/wp\/v2\/product_brand?post=989"},{"taxonomy":"product_cat","embeddable":true,"href":"https:\/\/www.santeksmakine.com\/ru\/wp-json\/wp\/v2\/product_cat?post=989"},{"taxonomy":"product_tag","embeddable":true,"href":"https:\/\/www.santeksmakine.com\/ru\/wp-json\/wp\/v2\/product_tag?post=989"}],"curies":[{"name":"wp","href":"https:\/\/api.w.org\/{rel}","templated":true}]}}